{"id":333,"date":"2025-10-20T09:37:02","date_gmt":"2025-10-20T07:37:02","guid":{"rendered":"https:\/\/calindica.fr\/?page_id=333"},"modified":"2025-10-20T09:37:02","modified_gmt":"2025-10-20T07:37:02","slug":"spotify-et-meta","status":"publish","type":"page","link":"https:\/\/calindica.fr\/index.php\/spotify-et-meta\/","title":{"rendered":"Spotify et Meta"},"content":{"rendered":"\n<p class=\"has-white-color has-text-color has-background has-link-color wp-elements-464ae4ec73a3643ce1f07ef9d1b203ea\" style=\"background-color:#00000080;font-size:1.25rem;font-style:normal;font-weight:500\">En raison de multiples dysfonctionnements de certains grands acteurs du num\u00e9rique, j&rsquo;ai d\u00e9cid\u00e9 de retirer tous mes contenus de certaines plate-formes, dont celles indiqu\u00e9es en titre de cette page. Mais vous pouvez retrouver ma production sur les autres sites de streaming.<\/p>\n\n\n\n<p><\/p>\n","protected":false},"excerpt":{"rendered":"<p>En raison de multiples dysfonctionnements de certains grands acteurs du num\u00e9rique, j&rsquo;ai d\u00e9cid\u00e9 de retirer tous mes contenus de certaines plate-formes, dont celles indiqu\u00e9es en titre de cette page. Mais vous pouvez retrouver ma production sur les autres sites de streaming.<\/p>\n","protected":false},"author":1,"featured_media":0,"parent":0,"menu_order":0,"comment_status":"closed","ping_status":"closed","template":"","meta":{"footnotes":""},"class_list":["post-333","page","type-page","status-publish","hentry"],"_links":{"self":[{"href":"https:\/\/calindica.fr\/index.php\/wp-json\/wp\/v2\/pages\/333","targetHints":{"allow":["GET"]}}],"collection":[{"href":"https:\/\/calindica.fr\/index.php\/wp-json\/wp\/v2\/pages"}],"about":[{"href":"https:\/\/calindica.fr\/index.php\/wp-json\/wp\/v2\/types\/page"}],"author":[{"embeddable":true,"href":"https:\/\/calindica.fr\/index.php\/wp-json\/wp\/v2\/users\/1"}],"replies":[{"embeddable":true,"href":"https:\/\/calindica.fr\/index.php\/wp-json\/wp\/v2\/comments?post=333"}],"version-history":[{"count":1,"href":"https:\/\/calindica.fr\/index.php\/wp-json\/wp\/v2\/pages\/333\/revisions"}],"predecessor-version":[{"id":334,"href":"https:\/\/calindica.fr\/index.php\/wp-json\/wp\/v2\/pages\/333\/revisions\/334"}],"wp:attachment":[{"href":"https:\/\/calindica.fr\/index.php\/wp-json\/wp\/v2\/media?parent=333"}],"curies":[{"name":"wp","href":"https:\/\/api.w.org\/{rel}","templated":true}]}}