{"id":16,"date":"2024-06-03T21:08:48","date_gmt":"2024-06-03T19:08:48","guid":{"rendered":"https:\/\/calindica.fr\/?page_id=16"},"modified":"2026-03-04T17:37:51","modified_gmt":"2026-03-04T16:37:51","slug":"calin-dica","status":"publish","type":"page","link":"https:\/\/calindica.fr\/","title":{"rendered":"Accueil"},"content":{"rendered":"<nav style=\"font-style:normal;font-weight:700;\" class=\"has-text-color has-foreground-color has-large-font-size is-responsive items-justified-space-between has-text-decoration-underline wp-block-navigation is-content-justification-space-between is-layout-flex wp-container-core-navigation-is-layout-b2891da8 wp-block-navigation-is-layout-flex\" aria-label=\"Navigation\" \n\t\t data-wp-interactive=\"core\/navigation\" data-wp-context='{\"overlayOpenedBy\":{\"click\":false,\"hover\":false,\"focus\":false},\"type\":\"overlay\",\"roleAttribute\":\"\",\"ariaLabel\":\"Menu\"}'><button aria-haspopup=\"dialog\" aria-label=\"Ouvrir le menu\" class=\"wp-block-navigation__responsive-container-open\" \n\t\t\t\tdata-wp-on--click=\"actions.openMenuOnClick\"\n\t\t\t\tdata-wp-on--keydown=\"actions.handleMenuKeydown\"\n\t\t\t><svg width=\"24\" height=\"24\" xmlns=\"http:\/\/www.w3.org\/2000\/svg\" viewBox=\"0 0 24 24\"><path d=\"M5 5v1.5h14V5H5z\"><\/path><path d=\"M5 12.8h14v-1.5H5v1.5z\"><\/path><path d=\"M5 19h14v-1.5H5V19z\"><\/path><\/svg><\/button>\n\t\t\t\t<div class=\"wp-block-navigation__responsive-container  has-text-color has-foreground-color has-background has-pale-cyan-blue-background-color\"  id=\"modal-1\" \n\t\t\t\tdata-wp-class--has-modal-open=\"state.isMenuOpen\"\n\t\t\t\tdata-wp-class--is-menu-open=\"state.isMenuOpen\"\n\t\t\t\tdata-wp-watch=\"callbacks.initMenu\"\n\t\t\t\tdata-wp-on--keydown=\"actions.handleMenuKeydown\"\n\t\t\t\tdata-wp-on--focusout=\"actions.handleMenuFocusout\"\n\t\t\t\ttabindex=\"-1\"\n\t\t\t>\n\t\t\t\t\t<div class=\"wp-block-navigation__responsive-close\" tabindex=\"-1\">\n\t\t\t\t\t\t<div class=\"wp-block-navigation__responsive-dialog\" \n\t\t\t\tdata-wp-bind--aria-modal=\"state.ariaModal\"\n\t\t\t\tdata-wp-bind--aria-label=\"state.ariaLabel\"\n\t\t\t\tdata-wp-bind--role=\"state.roleAttribute\"\n\t\t\t>\n\t\t\t\t\t\t\t<button aria-label=\"Fermer le menu\" class=\"wp-block-navigation__responsive-container-close\" \n\t\t\t\tdata-wp-on--click=\"actions.closeMenuOnClick\"\n\t\t\t><svg xmlns=\"http:\/\/www.w3.org\/2000\/svg\" viewBox=\"0 0 24 24\" width=\"24\" height=\"24\" aria-hidden=\"true\" focusable=\"false\"><path d=\"m13.06 12 6.47-6.47-1.06-1.06L12 10.94 5.53 4.47 4.47 5.53 10.94 12l-6.47 6.47 1.06 1.06L12 13.06l6.47 6.47 1.06-1.06L13.06 12Z\"><\/path><\/svg><\/button>\n\t\t\t\t\t\t\t<div class=\"wp-block-navigation__responsive-container-content\" \n\t\t\t\tdata-wp-watch=\"callbacks.focusFirstElement\"\n\t\t\t id=\"modal-1-content\">\n\t\t\t\t\t\t\t\t<ul style=\"font-style:normal;font-weight:700;\" class=\"wp-block-navigation__container has-text-color has-foreground-color has-large-font-size is-responsive items-justified-space-between has-text-decoration-underline wp-block-navigation has-large-font-size\"><li style=\"font-style:normal;font-weight:400;text-decoration:underline;\" class=\"has-large-font-size wp-block-navigation-item wp-block-navigation-link has-large-font-size\"><a class=\"wp-block-navigation-item__content\"  href=\"https:\/\/calindica.fr\/\"><span class=\"wp-block-navigation-item__label\">Accueil<\/span><\/a><\/li><li style=\"font-style:normal;font-weight:400;text-decoration:underline;\" class=\"has-large-font-size wp-block-navigation-item wp-block-navigation-link has-large-font-size\"><a class=\"wp-block-navigation-item__content\"  href=\"https:\/\/calindica.fr\/index.php\/audio\/\"><span class=\"wp-block-navigation-item__label\">Audio<\/span><\/a><\/li><li style=\"font-style:normal;font-weight:400;text-decoration:underline;\" class=\"has-large-font-size wp-block-navigation-item wp-block-navigation-link has-large-font-size\"><a class=\"wp-block-navigation-item__content\"  href=\"https:\/\/calindica.fr\/index.php\/video\/\"><span class=\"wp-block-navigation-item__label\">Vid\u00e9o<\/span><\/a><\/li><li style=\"font-style:normal;font-weight:400;text-decoration:underline;\" class=\"has-large-font-size wp-block-navigation-item wp-block-navigation-link has-large-font-size\"><a class=\"wp-block-navigation-item__content\"  href=\"https:\/\/calindica.fr\/index.php\/le-spectacle\/\"><span class=\"wp-block-navigation-item__label\">Le spectacle<\/span><\/a><\/li><li style=\"font-style:normal;font-weight:400;text-decoration:underline;\" class=\"has-large-font-size wp-block-navigation-item wp-block-navigation-link has-large-font-size\"><a class=\"wp-block-navigation-item__content\"  href=\"https:\/\/calindica.fr\/index.php\/contact\/\"><span class=\"wp-block-navigation-item__label\">Contact<\/span><\/a><\/li><\/ul>\n\t\t\t\t\t\t\t<\/div>\n\t\t\t\t\t\t<\/div>\n\t\t\t\t\t<\/div>\n\t\t\t\t<\/div><\/nav>\n\n\n<h4 class=\"wp-block-heading has-text-align-center has-background\" style=\"background-color:#00000080\">Calin Dica<br>chanson \u00e9lectrofolk<\/h4>\n\n\n\n<p class=\"has-white-color has-text-color has-background has-link-color wp-elements-072ef435a8d693f9b732f905a26c8ce8\" style=\"background-color:#00000080;font-size:1.25rem;font-style:normal;font-weight:500\">De la chanson et la po\u00e9sie, il a extrait l\u2019amour des mots, absurdes et beaux. Du hip-hop velout\u00e9 et de la house originelle, un go\u00fbt aiguis\u00e9 pour les rythmiques efficaces. Mais c\u2019est le rock qui a fait vibrer l\u2019\u00e2me adolescente de Calin Dica. Dans sa t\u00eate un petit yoka\u00ef lui streame du son, jour et nuit, qu\u2019il le veuille ou non. Comment faire autrement que le sortir ? Arm\u00e9 d\u2019une groovebox et d\u2019un sampler, une \u00e9lectro-guitare bricol\u00e9e fa\u00e7on DIY dans les mains, il exhale des plaintes et des d\u00e9sirs, de la joie et du plaisir, de la passion et une putain de r\u00e9bellion. Parce qu\u2019on ne vit qu\u2019une fois. \u00ab J\u2019ai voulu embrasser mon enfant int\u00e9rieur&nbsp;: ce petit enfoir\u00e9 m\u2019a mordu. \u00bb<\/p>\n\n\n\n<figure class=\"wp-block-embed aligncenter is-type-wp-embed is-provider-peertube wp-block-embed-peertube\" style=\"margin-right:0;margin-left:0\"><div class=\"wp-block-embed__wrapper\">\n<iframe loading=\"lazy\" class=\"wp-embedded-content\" sandbox=\"allow-scripts\" security=\"restricted\" title=\"Clip d\u00e9mo\" width=\"500\" height=\"315\" src=\"https:\/\/makertube.net\/videos\/embed\/7rBkC6jQayr3sZhaEMm9vs#?secret=5Ozh0K9Muj\" data-secret=\"5Ozh0K9Muj\" frameborder=\"0\"><\/iframe>\n<\/div><\/figure>\n\n\n\n<p class=\"has-white-color has-text-color has-background has-link-color wp-elements-4c6fc51183e593b087879208a0cbe431\" style=\"background-color:#00000080;font-size:1.25rem;font-style:normal;font-weight:500\"><strong>Pourquoi tout seul ? Comment \u00e7a marche ?<\/strong><\/p>\n\n\n\n<figure class=\"wp-block-embed aligncenter is-type-wp-embed is-provider-peertube wp-block-embed-peertube\"><div class=\"wp-block-embed__wrapper\">\n<iframe loading=\"lazy\" class=\"wp-embedded-content\" sandbox=\"allow-scripts\" security=\"restricted\" title=\"Radio on curses : explications et playthrough\" width=\"500\" height=\"315\" src=\"https:\/\/makertube.net\/videos\/embed\/faedm6Rzvjq34mcLiCB4Gg#?secret=BCEJUEslgG\" data-secret=\"BCEJUEslgG\"><\/iframe>\n<\/div><\/figure>\n","protected":false},"excerpt":{"rendered":"<p>Calin Dicachanson \u00e9lectrofolk De la chanson et la po\u00e9sie, il a extrait l\u2019amour des mots, absurdes et beaux. Du hip-hop velout\u00e9 et de la house originelle, un go\u00fbt aiguis\u00e9 pour les rythmiques efficaces. Mais c\u2019est le rock qui a fait vibrer l\u2019\u00e2me adolescente de Calin Dica. Dans sa t\u00eate un petit yoka\u00ef lui streame du [&hellip;]<\/p>\n","protected":false},"author":1,"featured_media":0,"parent":0,"menu_order":0,"comment_status":"closed","ping_status":"closed","template":"","meta":{"footnotes":""},"class_list":["post-16","page","type-page","status-publish","hentry"],"_links":{"self":[{"href":"https:\/\/calindica.fr\/index.php\/wp-json\/wp\/v2\/pages\/16","targetHints":{"allow":["GET"]}}],"collection":[{"href":"https:\/\/calindica.fr\/index.php\/wp-json\/wp\/v2\/pages"}],"about":[{"href":"https:\/\/calindica.fr\/index.php\/wp-json\/wp\/v2\/types\/page"}],"author":[{"embeddable":true,"href":"https:\/\/calindica.fr\/index.php\/wp-json\/wp\/v2\/users\/1"}],"replies":[{"embeddable":true,"href":"https:\/\/calindica.fr\/index.php\/wp-json\/wp\/v2\/comments?post=16"}],"version-history":[{"count":76,"href":"https:\/\/calindica.fr\/index.php\/wp-json\/wp\/v2\/pages\/16\/revisions"}],"predecessor-version":[{"id":365,"href":"https:\/\/calindica.fr\/index.php\/wp-json\/wp\/v2\/pages\/16\/revisions\/365"}],"wp:attachment":[{"href":"https:\/\/calindica.fr\/index.php\/wp-json\/wp\/v2\/media?parent=16"}],"curies":[{"name":"wp","href":"https:\/\/api.w.org\/{rel}","templated":true}]}}